{"id":6020,"date":"2018-02-02T10:22:46","date_gmt":"2018-02-02T09:22:46","guid":{"rendered":"https:\/\/abantail.com\/about-us\/"},"modified":"2018-10-18T12:53:08","modified_gmt":"2018-10-18T10:53:08","slug":"about-us","status":"publish","type":"page","link":"https:\/\/abantail.com\/en\/about-us\/","title":{"rendered":"ABOUT US"},"content":{"rendered":"<p>[vc_row css=&#8221;.vc_custom_1513883889496{padding-top: 100px !important;}&#8221;][vc_column][vc_column_text css=&#8221;.vc_custom_1518717503456{margin-top: -20px !important;}&#8221;]<\/p>\n<h3>WE ARE ABANTAIL<\/h3>\n<p>[\/vc_column_text][\/vc_column][\/vc_row][vc_row][vc_column width=&#8221;1\/2&#8243;][vc_custom_heading text=&#8221;We are the leading company in the Spanish market for the automation of the engineering-to-order process since 2004.&#8221; font_container=&#8221;tag:p|font_size:20px|text_align:left|color:%23e95624&#8243; google_fonts=&#8221;font_family:Bitter%3Aregular%2Citalic%2C700|font_style:400%20italic%3A400%3Aitalic&#8221; css=&#8221;.vc_custom_1539859721237{margin-top: 20px !important;margin-bottom: 40px !important;}&#8221;][vc_column_text css=&#8221;.vc_custom_1539859953847{margin-bottom: 0px !important;}&#8221;]We are one of the cooperatives that make up the <a title=\"Mondragon Corporation\" href=\"http:\/\/www.mondragon-corporation.com\" target=\"_blank\" rel=\"noopener nofollow\">MONDRAGON Corporation<\/a>, integrated into the Engineering and Services Division of the Industrial Area. MONDRAGON is one of the most important business groups in Spain and the first in the Basque Country, with more than 260 entities, 1 university with more than 4,500 students, 15 R&amp;D centers with more than 2,200 people and an Innovation Park. A staff of 83,000 people and sales of 13,989 million euros.<\/p>\n<p>Abantail was created in 2004 as a spin-off of the <a title=\"IKERLAN\" href=\"http:\/\/www.ikerlan.es\/site_preview\/index.php\" target=\"_blank\" rel=\"noopener nofollow\">IKERLAN Technology Center<\/a>, in collaboration with the consulting company <a title=\"LKS\" href=\"http:\/\/www.lks.es\/\" target=\"_blank\" rel=\"noopener nofollow\">LKS<\/a>. From these companies it inherited an experience of more than 12 years in engineering-to-order automation projects (IKERLAN) and in consultancy for the improvement of the competitiveness of companies (LKS).<\/p>\n<p>The alliance with <a href=\"https:\/\/www.google.com\/url?hl=eu&amp;q=https:\/\/www.plm.automation.siemens.com\/global\/es\/&amp;source=gmail&amp;ust=1516282444071000&amp;usg=AFQjCNETkY3i2WTrQav1Om0djr6T5kzQpA\" target=\"_blank\" rel=\"noopener nofollow\">Siemens PLM<\/a> since 2017 allowed us to exclusively incorporate the RuleStream configurator into the portfolio of Abantail solutions.<\/p>\n<p>Abantail actively collaborates with the responsibility\u00a0<a href=\"https:\/\/www.mundukide.org\/eu\/\" rel=\"nofollow noopener\" target=\"_blank\">Mundukide Foundation<\/a>\u00a0as part of its solidarity commitment and social responsibility.[\/vc_column_text][vc_empty_space][\/vc_column][vc_column width=&#8221;1\/2&#8243;]<div class=\" fadeIn\" data-wow-delay=\"0.1s\"><div style=\"margin: 0;\" class=\"owl-carousel \" data-dots=\"true\"  class=\"universal_owl_slider\" id=\"first\"><a href=\"#\"><img decoding=\"async\" width=\"700\" height=\"394\" src=\"https:\/\/abantail.com\/wp-content\/uploads\/2017\/12\/abantail-diseno-adaptativo-think-smart-be-adaptive-nosotros-peq.jpg\" class=\"attachment-img-responsive logos size-img-responsive logos\" alt=\"Somos centro de referencia europeo en la automatizaci\u00f3n del proceso de ingenier\u00eda bajo pedido desde el a\u00f1o 2004.\" srcset=\"https:\/\/abantail.com\/wp-content\/uploads\/2017\/12\/abantail-diseno-adaptativo-think-smart-be-adaptive-nosotros-peq.jpg 700w, https:\/\/abantail.com\/wp-content\/uploads\/2017\/12\/abantail-diseno-adaptativo-think-smart-be-adaptive-nosotros-peq-300x169.jpg 300w, https:\/\/abantail.com\/wp-content\/uploads\/2017\/12\/abantail-diseno-adaptativo-think-smart-be-adaptive-nosotros-peq-680x383.jpg 680w\" sizes=\"(max-width: 700px) 100vw, 700px\" title=\"\"><\/a><\/div><\/div><script>\r\njQuery(window).load(function(){\r\n\t\tjQuery(\"#first\").owlCarousel({\r\n\t\t\tloop:true,\r\n\t\t\tautoplay:true,\r\n\t\t\tmargin:0,\r\n\t\t\tdots:true,\r\n\t\t\tautoHeight: true,\r\n\t\t\tanimateIn: \"fadeIn\",\r\n\t\t\tanimateOut: \"fadeOut\",\r\n\t\t\tautoplayTimeout:5000,\r\n\t\t\tnavText:[,],\r\n\t\t\tresponsive: {\r\n\t\t\t\t0: {\r\n\t\t\t\t\tmargin: 0,\r\n\t\t\t\t\titems: 1\r\n\t\t\t\t},\r\n\t\t\t\t600: {\r\n\t\t\t\t\tmargin: 0,\r\n\t\t\t\t\titems: 1\r\n\t\t\t\t},\r\n\t\t\t\t800: {\r\n\t\t\t\t\tmargin: 0,\r\n\t\t\t\t\titems: 1\r\n\t\t\t\t},\r\n\t\t\t\t1200: {\r\n\t\t\t\t\tmargin: 0,\r\n\t\t\t\t\titems: 1\r\n\t\t\t\t},\r\n\t\t\t\t1400: {\r\n\t\t\t\t\tmargin: 0,\r\n\t\t\t\t\titems: 1\r\n\t\t\t\t}\r\n\t\t\t}\r\n\t\t});\r\n\t\t});\r\n\t<\/script>[\/vc_column][\/vc_row][vc_row css=&#8221;.vc_custom_1514371294156{margin-top: 20px !important;}&#8221;][vc_column width=&#8221;1\/2&#8243;][vc_column_text css=&#8221;.vc_custom_1514371237305{margin-bottom: 0px !important;}&#8221;]<\/p>\n<h1 class=\"classic\">Think smart, be adaptive!<\/h1>\n<p>[\/vc_column_text][\/vc_column][\/vc_row][vc_row css=&#8221;.vc_custom_1513852042139{margin-top: 20px !important;margin-bottom: 50px !important;}&#8221;][vc_column width=&#8221;1\/6&#8243;][\/vc_column][vc_column width=&#8221;2\/3&#8243;][vc_row_inner][vc_column_inner][vc_btn title=&#8221;More information&#8221; style=&#8221;flat&#8221; shape=&#8221;square&#8221; color=&#8221;black&#8221; size=&#8221;sm&#8221; align=&#8221;center&#8221; i_icon_fontawesome=&#8221;fa fa-info-circle&#8221; add_icon=&#8221;true&#8221; link=&#8221;url:https%3A%2F%2Fabantail.com%2Fen%2Fcontact%2F|&#8221;][\/vc_column_inner][\/vc_row_inner][\/vc_column][vc_column width=&#8221;1\/6&#8243;][\/vc_column][\/vc_row]<\/p>\n","protected":false},"excerpt":{"rendered":"<p>[vc_row css=&#8221;.vc_custom_1513883889496{padding-top: 100px !important;}&#8221;][vc_column][vc_column_text css=&#8221;.vc_custom_1518717503456{margin-top: -20px !important;}&#8221;] WE ARE ABANTAIL [\/vc_column_text][\/vc_column][\/vc_row][vc_row][vc_column width=&#8221;1\/2&#8243;][vc_custom_heading text=&#8221;We are the leading company in the Spanish market for the automation of the engineering-to-order process since 2004.&#8221; font_container=&#8221;tag:p|font_size:20px|text_align:left|color:%23e95624&#8243; google_fonts=&#8221;font_family:Bitter%3Aregular%2Citalic%2C700|font_style:400%20italic%3A400%3Aitalic&#8221; css=&#8221;.vc_custom_1539859721237{margin-top: 20px !important;margin-bottom: 40px !important;}&#8221;][vc_column_text css=&#8221;.vc_custom_1539859953847{margin-bottom: 0px !important;}&#8221;]We are one of the cooperatives that make up the MONDRAGON Corporation, integrated into the Engineering&#8230;<\/p>\n","protected":false},"author":7,"featured_media":3152,"parent":0,"menu_order":0,"comment_status":"closed","ping_status":"closed","template":"visual-composer.php","meta":{"content-type":"","footnotes":""},"categories":[],"tags":[],"class_list":["post-6020","page","type-page","status-publish","has-post-thumbnail","hentry"],"_links":{"self":[{"href":"https:\/\/abantail.com\/en\/wp-json\/wp\/v2\/pages\/6020","targetHints":{"allow":["GET"]}}],"collection":[{"href":"https:\/\/abantail.com\/en\/wp-json\/wp\/v2\/pages"}],"about":[{"href":"https:\/\/abantail.com\/en\/wp-json\/wp\/v2\/types\/page"}],"author":[{"embeddable":true,"href":"https:\/\/abantail.com\/en\/wp-json\/wp\/v2\/users\/7"}],"replies":[{"embeddable":true,"href":"https:\/\/abantail.com\/en\/wp-json\/wp\/v2\/comments?post=6020"}],"version-history":[{"count":0,"href":"https:\/\/abantail.com\/en\/wp-json\/wp\/v2\/pages\/6020\/revisions"}],"wp:featuredmedia":[{"embeddable":true,"href":"https:\/\/abantail.com\/en\/wp-json\/wp\/v2\/media\/3152"}],"wp:attachment":[{"href":"https:\/\/abantail.com\/en\/wp-json\/wp\/v2\/media?parent=6020"}],"wp:term":[{"taxonomy":"category","embeddable":true,"href":"https:\/\/abantail.com\/en\/wp-json\/wp\/v2\/categories?post=6020"},{"taxonomy":"post_tag","embeddable":true,"href":"https:\/\/abantail.com\/en\/wp-json\/wp\/v2\/tags?post=6020"}],"curies":[{"name":"wp","href":"https:\/\/api.w.org\/{rel}","templated":true}]}}