{"id":6959,"date":"2018-04-06T16:54:29","date_gmt":"2018-04-06T15:54:29","guid":{"rendered":"https:\/\/abantail.com\/gu\/"},"modified":"2024-08-27T12:44:34","modified_gmt":"2024-08-27T10:44:34","slug":"gu","status":"publish","type":"page","link":"https:\/\/abantail.com\/eu\/gu\/","title":{"rendered":"Abantail gara"},"content":{"rendered":"<p>[vc_row css=&#8221;.vc_custom_1513883889496{padding-top: 100px !important;}&#8221;][vc_column][vc_column_text css=&#8221;.vc_custom_1516209118345{margin-top: -20px !important;}&#8221;]<\/p>\n<h3>ABANTAIL GARA<\/h3>\n<p>[\/vc_column_text][\/vc_column][\/vc_row][vc_row][vc_column width=&#8221;1\/2&#8243;][vc_custom_heading text=&#8221;2004tik erreferentzia gara Espainiako merkatuan eskariaren araberako ingeniaritza-prozesua automatizatzeari dagokionez.&#8221; font_container=&#8221;tag:p|font_size:20px|text_align:left|color:%23e95624&#8243; google_fonts=&#8221;font_family:Bitter%3Aregular%2Citalic%2C700|font_style:400%20italic%3A400%3Aitalic&#8221; css=&#8221;.vc_custom_1515664746793{margin-top: 20px !important;margin-bottom: 40px !important;}&#8221;][vc_column_text css=&#8221;.vc_custom_1537883003053{margin-bottom: 0px !important;}&#8221;]<a title=\"Mondragon Corporation\" href=\"http:\/\/www.mondragon-corporation.com\" target=\"_blank\" rel=\"noopener nofollow\">MONDRAGON Korporazioa<\/a> osatzen duten kooperatibetako bat gara, eta Ingeniaritza eta Industria Zerbitzuen Dibisio barruan dihardugu. MONDRAGON Espainiako enpresa-talde garrantzitsuenetakoa da, eta Euskadiko lehena ere bada: 260 erakunde baino gehiago, 4.500 ikasletik gora dituen unibertsitate bat, 2.200 pertsona baino gehiago biltzen dituzten I+G arloko 15 zentro eta Berrikuntza Polo bat hartzen ditu barne. Guztira, 83.000 pertsona biltzen ditu taldeak, eta 13.989 milioi euroko salmentak ditu.<\/p>\n<p>Abantail 2004an sortu zen, <a title=\"IKERLAN\" href=\"http:\/\/www.ikerlan.es\/site_preview\/index.php\" target=\"_blank\" rel=\"noopener nofollow\">IKERLAN Teknologia Zentroaren<\/a>\u00a0spin-off gisa, <a title=\"LKS\" href=\"http:\/\/www.lks.es\/\" target=\"_blank\" rel=\"noopener nofollow\">LKS<\/a> aholkularitza-enpresarekin elkarlanean. Enpresa horin bitartez, 12 urtetik gorako eskarmentua jaso zuen oinordetzan, bai eskariaren araberako ingeniaritza-prozesua automatizatzeko proiektuetan (IKERLAN), bai enpresen lehiakortasuna hobetzeko aholkularitzan.<\/p>\n<p><a href=\"https:\/\/www.google.com\/url?hl=eu&amp;q=https:\/\/www.plm.automation.siemens.com\/global\/es\/&amp;source=gmail&amp;ust=1516282444071000&amp;usg=AFQjCNETkY3i2WTrQav1Om0djr6T5kzQpA\" target=\"_blank\" rel=\"noopener nofollow\">Siemens PLM<\/a>rekin duen aliantzari esker, 2017. urtetik aurrera RuleStream konfiguratzailea Abantailen irtenbide-portfolioan sartu da esklusiboki.<\/p>\n<p>Abantail, bere konpromiso solidarioa eta gizarte-erantzukizuna dela eta, aktiboki aritzen da <a href=\"https:\/\/www.mundukide.org\/eu\/\" rel=\"nofollow noopener\" target=\"_blank\">Mundukide Fundazioarekin elkarlanean<\/a>.[\/vc_column_text][vc_empty_space][\/vc_column][vc_column width=&#8221;1\/2&#8243;]<div class=\" fadeIn\" data-wow-delay=\"0.1s\"><div style=\"margin: 0;\" class=\"owl-carousel \" data-dots=\"true\"  class=\"universal_owl_slider\" id=\"first\"><a href=\"#\"><img decoding=\"async\" width=\"700\" height=\"394\" src=\"https:\/\/abantail.com\/wp-content\/uploads\/2017\/12\/abantail-diseno-adaptativo-think-smart-be-adaptive-nosotros-peq.jpg\" class=\"attachment-img-responsive logos size-img-responsive logos\" alt=\"Somos centro de referencia europeo en la automatizaci\u00f3n del proceso de ingenier\u00eda bajo pedido desde el a\u00f1o 2004.\" srcset=\"https:\/\/abantail.com\/wp-content\/uploads\/2017\/12\/abantail-diseno-adaptativo-think-smart-be-adaptive-nosotros-peq.jpg 700w, https:\/\/abantail.com\/wp-content\/uploads\/2017\/12\/abantail-diseno-adaptativo-think-smart-be-adaptive-nosotros-peq-300x169.jpg 300w, https:\/\/abantail.com\/wp-content\/uploads\/2017\/12\/abantail-diseno-adaptativo-think-smart-be-adaptive-nosotros-peq-680x383.jpg 680w\" sizes=\"(max-width: 700px) 100vw, 700px\" title=\"\"><\/a><\/div><\/div><script>\r\njQuery(window).load(function(){\r\n\t\tjQuery(\"#first\").owlCarousel({\r\n\t\t\tloop:true,\r\n\t\t\tautoplay:true,\r\n\t\t\tmargin:0,\r\n\t\t\tdots:true,\r\n\t\t\tautoHeight: true,\r\n\t\t\tanimateIn: \"fadeIn\",\r\n\t\t\tanimateOut: \"fadeOut\",\r\n\t\t\tautoplayTimeout:5000,\r\n\t\t\tnavText:[,],\r\n\t\t\tresponsive: {\r\n\t\t\t\t0: {\r\n\t\t\t\t\tmargin: 0,\r\n\t\t\t\t\titems: 1\r\n\t\t\t\t},\r\n\t\t\t\t600: {\r\n\t\t\t\t\tmargin: 0,\r\n\t\t\t\t\titems: 1\r\n\t\t\t\t},\r\n\t\t\t\t800: {\r\n\t\t\t\t\tmargin: 0,\r\n\t\t\t\t\titems: 1\r\n\t\t\t\t},\r\n\t\t\t\t1200: {\r\n\t\t\t\t\tmargin: 0,\r\n\t\t\t\t\titems: 1\r\n\t\t\t\t},\r\n\t\t\t\t1400: {\r\n\t\t\t\t\tmargin: 0,\r\n\t\t\t\t\titems: 1\r\n\t\t\t\t}\r\n\t\t\t}\r\n\t\t});\r\n\t\t});\r\n\t<\/script>[\/vc_column][\/vc_row][vc_row css=&#8221;.vc_custom_1514371294156{margin-top: 20px !important;}&#8221;][vc_column width=&#8221;1\/2&#8243;][vc_column_text css=&#8221;.vc_custom_1514371237305{margin-bottom: 0px !important;}&#8221;]<\/p>\n<h1 class=\"classic\">Think smart, be adaptive!<\/h1>\n<p>[\/vc_column_text][\/vc_column][\/vc_row][vc_row css=&#8221;.vc_custom_1513852042139{margin-top: 20px !important;margin-bottom: 50px !important;}&#8221;][vc_column width=&#8221;1\/6&#8243;][\/vc_column][vc_column width=&#8221;2\/3&#8243;][vc_row_inner][vc_column_inner][vc_btn title=&#8221;Informazio gehiago&#8221; style=&#8221;flat&#8221; shape=&#8221;square&#8221; color=&#8221;black&#8221; size=&#8221;sm&#8221; align=&#8221;center&#8221; i_icon_fontawesome=&#8221;fa fa-info-circle&#8221; add_icon=&#8221;true&#8221; link=&#8221;url:https%3A%2F%2Fabantail.com%2Feu%2Fharremanetarako%2F|&#8221;][\/vc_column_inner][\/vc_row_inner][\/vc_column][vc_column width=&#8221;1\/6&#8243;][\/vc_column][\/vc_row]<\/p>\n","protected":false},"excerpt":{"rendered":"<p>[vc_row css=&#8221;.vc_custom_1513883889496{padding-top: 100px !important;}&#8221;][vc_column][vc_column_text css=&#8221;.vc_custom_1516209118345{margin-top: -20px !important;}&#8221;] ABANTAIL GARA [\/vc_column_text][\/vc_column][\/vc_row][vc_row][vc_column width=&#8221;1\/2&#8243;][vc_custom_heading text=&#8221;2004tik erreferentzia gara Espainiako merkatuan eskariaren araberako ingeniaritza-prozesua automatizatzeari dagokionez.&#8221; font_container=&#8221;tag:p|font_size:20px|text_align:left|color:%23e95624&#8243; google_fonts=&#8221;font_family:Bitter%3Aregular%2Citalic%2C700|font_style:400%20italic%3A400%3Aitalic&#8221; css=&#8221;.vc_custom_1515664746793{margin-top: 20px !important;margin-bottom: 40px !important;}&#8221;][vc_column_text css=&#8221;.vc_custom_1537883003053{margin-bottom: 0px !important;}&#8221;]MONDRAGON Korporazioa osatzen duten kooperatibetako bat gara, eta Ingeniaritza eta Industria Zerbitzuen Dibisio barruan dihardugu. MONDRAGON Espainiako enpresa-talde garrantzitsuenetakoa da, eta Euskadiko lehena ere bada:&#8230;<\/p>\n","protected":false},"author":7,"featured_media":3152,"parent":0,"menu_order":0,"comment_status":"closed","ping_status":"closed","template":"visual-composer.php","meta":{"content-type":"","footnotes":""},"categories":[],"tags":[],"class_list":["post-6959","page","type-page","status-publish","has-post-thumbnail","hentry"],"_links":{"self":[{"href":"https:\/\/abantail.com\/eu\/wp-json\/wp\/v2\/pages\/6959","targetHints":{"allow":["GET"]}}],"collection":[{"href":"https:\/\/abantail.com\/eu\/wp-json\/wp\/v2\/pages"}],"about":[{"href":"https:\/\/abantail.com\/eu\/wp-json\/wp\/v2\/types\/page"}],"author":[{"embeddable":true,"href":"https:\/\/abantail.com\/eu\/wp-json\/wp\/v2\/users\/7"}],"replies":[{"embeddable":true,"href":"https:\/\/abantail.com\/eu\/wp-json\/wp\/v2\/comments?post=6959"}],"version-history":[{"count":0,"href":"https:\/\/abantail.com\/eu\/wp-json\/wp\/v2\/pages\/6959\/revisions"}],"wp:featuredmedia":[{"embeddable":true,"href":"https:\/\/abantail.com\/eu\/wp-json\/wp\/v2\/media\/3152"}],"wp:attachment":[{"href":"https:\/\/abantail.com\/eu\/wp-json\/wp\/v2\/media?parent=6959"}],"wp:term":[{"taxonomy":"category","embeddable":true,"href":"https:\/\/abantail.com\/eu\/wp-json\/wp\/v2\/categories?post=6959"},{"taxonomy":"post_tag","embeddable":true,"href":"https:\/\/abantail.com\/eu\/wp-json\/wp\/v2\/tags?post=6959"}],"curies":[{"name":"wp","href":"https:\/\/api.w.org\/{rel}","templated":true}]}}